{"id":979,"date":"2015-01-02T09:19:13","date_gmt":"2015-01-02T09:19:13","guid":{"rendered":"https:\/\/stnaulsns.com\/"},"modified":"2024-05-17T13:37:48","modified_gmt":"2024-05-17T13:37:48","slug":"home-2","status":"publish","type":"page","link":"https:\/\/stnaulsns.com\/","title":{"rendered":"Home"},"content":{"rendered":"<div class='grid-row clearfix'><div class='grid-col grid-col-12'><div class='cws-widget'><div class='widget-title'>Scoil Naomh N\u00e1ille<\/div><div class='cws_widget_content'>\n<h4><img loading=\"lazy\" decoding=\"async\" class=\"alignright wp-image-3150 size-full\" src=\"https:\/\/stnaulsns.com\/wp-content\/uploads\/2019\/02\/ith.jpg\" alt=\"\" width=\"225\" height=\"146\" data-mce-src=\"https:\/\/stnaulsns.com\/wp-content\/uploads\/2019\/02\/ith.jpg\">F\u00e1ilte go dt\u00ed su\u00edomh idirl\u00edon Scoil Naomh N\u00e1ille, na Caologa, Inbhear, F94 RW28. Uimhir R\u00f3lla: 15770K<\/h4>\n<h4>Welcome to the school website of St. Naul\u2019s National School, Keelogs, Inver F94 RW28. Roll No: 15770K<\/h4>\n<p>We hope that this website will enhance communication between the school and current parents, prospective parents and the wider community. You can keep up to date with news and events at the school, and view some of the work of our students.<\/p>\n<p>We would like to thank Christy McCloskey of Inver Tool Hire for his generous contribution towards the development of our website, and Barbara McGroary and John McConnell for their photography.<\/p>\n<\/div><\/div><\/div><\/div><div class='grid-row clearfix'><div class='grid-col grid-col-12'><div class='cws-widget'><div class='cws_widget_content'>\n<div class=\"recent_projects \"><h3 class=\"section-title\">Recent Posts<\/h3><div class=\"projects_carousel blog clearfix\" data-carousel-column=\"2\"><div class=\"iso-item\"><div class=\"post-item\"><div class=\"post-meta\">\n\t\t\t\t\t<div class=\"post-date\">\n\t\t\t\t\t\t<span class=\"day\"> 20<\/span>\n\t\t\t\t\t\t<span class=\"month\">Mar.2026<\/span>\n\t\t\t\t\t<\/div><\/div><div class=\"post-entry\"><div class=\"content-wrapper alignleft\">\n\t\t\t\t\t<figure>\n\t\t\t\t\t\t<a data-rel=\"prettyPhoto[lt_posts]\" class=\"prettyPhoto kids_picture\" title=\"3rd Class Pottery\" href=\"https:\/\/stnaulsns.com\/wp-content\/uploads\/2026\/03\/7F938BC2-4F7D-4BC6-931C-F953761CED7C-scaled.jpeg\"><img class=\"pic\" src='https:\/\/stnaulsns.com\/wp-content\/uploads\/bfi_thumb\/7F938BC2-4F7D-4BC6-931C-F953761CED7C-scaled-3oplq8yn76fupf3i8mt79m.jpeg' data-at2x='https:\/\/stnaulsns.com\/wp-content\/uploads\/bfi_thumb\/7F938BC2-4F7D-4BC6-931C-F953761CED7C-scaled-3oplq8yn76fupf3i8mt79m@2x.jpeg' alt=\"\" \/><\/a>\n\t\t\t\t\t<\/figure>\n\t\t\t\t<\/div><div class=\"entry\">\n\t\t\t\t\t\t\t\t<div class=\"post-title\">\n\t\t\t\t\t\t\t\t\t<a href=\"https:\/\/stnaulsns.com\/index.php\/2026\/03\/20\/3rd-class-pottery\/\">3rd Class Pottery<\/a>\n\t\t\t\t\t\t\t\t<\/div>The children of 3rd Class made clay pots today in their visual arts lesson. ...<\/div>\n\t\t\t\t\t\t\t<\/div>\n\t\t\t\t<div class=\"post-footer\">\n\t\t\t\t\t<span class=\"l-float-right\"><a href=\"https:\/\/stnaulsns.com\/index.php\/2026\/03\/20\/3rd-class-pottery\/\" class=\"more-link cws_button\">\n\t\t\t\t\tRead More<\/a><\/span><div class=\"post_cats\">\n\t\t\t\t\t\t<p><span>Category:<\/span><a class=\"link\" href=\"https:\/\/stnaulsns.com\/index.php\/category\/3-class\/\" title=\"View all posts in\">3rd Class<\/a>, <a class=\"link\" href=\"https:\/\/stnaulsns.com\/index.php\/category\/news\/\" title=\"View all posts in\">Latest News<\/a><\/p>\n\t\t\t\t\t<\/div><div class=\"kids_clear\"><\/div><\/div><\/div><\/div><div class=\"iso-item\"><div class=\"post-item\"><div class=\"post-meta\">\n\t\t\t\t\t<div class=\"post-date\">\n\t\t\t\t\t\t<span class=\"day\"> 19<\/span>\n\t\t\t\t\t\t<span class=\"month\">Mar.2026<\/span>\n\t\t\t\t\t<\/div><\/div><div class=\"post-entry\"><div class=\"content-wrapper alignleft\">\n\t\t\t\t\t<figure>\n\t\t\t\t\t\t<a data-rel=\"prettyPhoto[lt_posts]\" class=\"prettyPhoto kids_picture\" title=\"Our New Benches\/Mud Kitchens!\" href=\"https:\/\/stnaulsns.com\/wp-content\/uploads\/2026\/03\/EE6E4B4E-386E-4ECE-B322-E2267BAAF80F-scaled.jpeg\"><img class=\"pic\" src='https:\/\/stnaulsns.com\/wp-content\/uploads\/bfi_thumb\/EE6E4B4E-386E-4ECE-B322-E2267BAAF80F-scaled-3opdi3vey1q7h9851c2zgq.jpeg' data-at2x='https:\/\/stnaulsns.com\/wp-content\/uploads\/bfi_thumb\/EE6E4B4E-386E-4ECE-B322-E2267BAAF80F-scaled-3opdi3vey1q7h9851c2zgq@2x.jpeg' alt=\"\" \/><\/a>\n\t\t\t\t\t<\/figure>\n\t\t\t\t<\/div><div class=\"entry\">\n\t\t\t\t\t\t\t\t<div class=\"post-title\">\n\t\t\t\t\t\t\t\t\t<a href=\"https:\/\/stnaulsns.com\/index.php\/2026\/03\/19\/our-new-benches-mud-kitchens\/\">Our New Benches\/Mud Kitchens!<\/a>\n\t\t\t\t\t\t\t\t<\/div>We are always looking at ways to improve the wellbeing of our pupils at the school, and our new buddy benches and mud kitchens are a welcome addition to the school playground.&nbsp; &nbsp; ...<\/div>\n\t\t\t\t\t\t\t<\/div>\n\t\t\t\t<div class=\"post-footer\">\n\t\t\t\t\t<span class=\"l-float-right\"><a href=\"https:\/\/stnaulsns.com\/index.php\/2026\/03\/19\/our-new-benches-mud-kitchens\/\" class=\"more-link cws_button\">\n\t\t\t\t\tRead More<\/a><\/span><div class=\"post_cats\">\n\t\t\t\t\t\t<p><span>Category:<\/span><a class=\"link\" href=\"https:\/\/stnaulsns.com\/index.php\/category\/news\/\" title=\"View all posts in\">Latest News<\/a><\/p>\n\t\t\t\t\t<\/div><div class=\"kids_clear\"><\/div><\/div><\/div><\/div><div class=\"iso-item\"><div class=\"post-item\"><div class=\"post-meta\">\n\t\t\t\t\t<div class=\"post-date\">\n\t\t\t\t\t\t<span class=\"day\"> 19<\/span>\n\t\t\t\t\t\t<span class=\"month\">Mar.2026<\/span>\n\t\t\t\t\t<\/div><\/div><div class=\"post-entry\"><div class=\"content-wrapper alignleft\">\n\t\t\t\t\t<figure>\n\t\t\t\t\t\t<a data-rel=\"prettyPhoto[lt_posts]\" class=\"prettyPhoto kids_picture\" title=\"Paired Reading\" href=\"https:\/\/stnaulsns.com\/wp-content\/uploads\/2026\/03\/DE926753-1593-417F-AA78-C6FA9E5CEB44-scaled.jpeg\"><img class=\"pic\" src='https:\/\/stnaulsns.com\/wp-content\/uploads\/bfi_thumb\/DE926753-1593-417F-AA78-C6FA9E5CEB44-scaled-3opdhbq6gic0ye0urao3yi.jpeg' data-at2x='https:\/\/stnaulsns.com\/wp-content\/uploads\/bfi_thumb\/DE926753-1593-417F-AA78-C6FA9E5CEB44-scaled-3opdhbq6gic0ye0urao3yi@2x.jpeg' alt=\"\" \/><\/a>\n\t\t\t\t\t<\/figure>\n\t\t\t\t<\/div><div class=\"entry\">\n\t\t\t\t\t\t\t\t<div class=\"post-title\">\n\t\t\t\t\t\t\t\t\t<a href=\"https:\/\/stnaulsns.com\/index.php\/2026\/03\/19\/paired-reading-3\/\">Paired Reading<\/a>\n\t\t\t\t\t\t\t\t<\/div>Our 5th &amp; 6th Class Pupils always enjoy working with our Infant Class and today they spent some time reading together.&nbsp; &nbsp; ...<\/div>\n\t\t\t\t\t\t\t<\/div>\n\t\t\t\t<div class=\"post-footer\">\n\t\t\t\t\t<span class=\"l-float-right\"><a href=\"https:\/\/stnaulsns.com\/index.php\/2026\/03\/19\/paired-reading-3\/\" class=\"more-link cws_button\">\n\t\t\t\t\tRead More<\/a><\/span><div class=\"post_cats\">\n\t\t\t\t\t\t<p><span>Category:<\/span><a class=\"link\" href=\"https:\/\/stnaulsns.com\/index.php\/category\/5-6\/\" title=\"View all posts in\">5th &amp; 6th Classes<\/a>, <a class=\"link\" href=\"https:\/\/stnaulsns.com\/index.php\/category\/infants\/\" title=\"View all posts in\">Junior and Senior Infants<\/a>, <a class=\"link\" href=\"https:\/\/stnaulsns.com\/index.php\/category\/news\/\" title=\"View all posts in\">Latest News<\/a><\/p>\n\t\t\t\t\t<\/div><div class=\"kids_clear\"><\/div><\/div><\/div><\/div><div class=\"iso-item\"><div class=\"post-item\"><div class=\"post-meta\">\n\t\t\t\t\t<div class=\"post-date\">\n\t\t\t\t\t\t<span class=\"day\"> 19<\/span>\n\t\t\t\t\t\t<span class=\"month\">Mar.2026<\/span>\n\t\t\t\t\t<\/div><\/div><div class=\"post-entry\"><div class=\"content-wrapper alignleft\">\n\t\t\t\t\t<figure>\n\t\t\t\t\t\t<a data-rel=\"prettyPhoto[lt_posts]\" class=\"prettyPhoto kids_picture\" title=\"F\u00e9ile Fichille\" href=\"https:\/\/stnaulsns.com\/wp-content\/uploads\/2026\/03\/665a5067-f610-41f4-b55a-1c212f5a2d7f.jpg\"><img class=\"pic\" src='https:\/\/stnaulsns.com\/wp-content\/uploads\/bfi_thumb\/665a5067-f610-41f4-b55a-1c212f5a2d7f-3opda3i9skh1dx5c2as64q.jpg' data-at2x='https:\/\/stnaulsns.com\/wp-content\/uploads\/bfi_thumb\/665a5067-f610-41f4-b55a-1c212f5a2d7f-3opda3i9skh1dx5c2as64q@2x.jpg' alt=\"\" \/><\/a>\n\t\t\t\t\t<\/figure>\n\t\t\t\t<\/div><div class=\"entry\">\n\t\t\t\t\t\t\t\t<div class=\"post-title\">\n\t\t\t\t\t\t\t\t\t<a href=\"https:\/\/stnaulsns.com\/index.php\/2026\/03\/19\/feile-fichille\/\">F\u00e9ile Fichille<\/a>\n\t\t\t\t\t\t\t\t<\/div>The school were delighted to be represented in the F\u00e9ile Fichille Chess Tournament today in the Abbey Hotel in Donegal Town. All of our pupils represented the school excellently and had a great day ou ...<\/div>\n\t\t\t\t\t\t\t<\/div>\n\t\t\t\t<div class=\"post-footer\">\n\t\t\t\t\t<span class=\"l-float-right\"><a href=\"https:\/\/stnaulsns.com\/index.php\/2026\/03\/19\/feile-fichille\/\" class=\"more-link cws_button\">\n\t\t\t\t\tRead More<\/a><\/span><div class=\"post_cats\">\n\t\t\t\t\t\t<p><span>Category:<\/span><a class=\"link\" href=\"https:\/\/stnaulsns.com\/index.php\/category\/3-class\/\" title=\"View all posts in\">3rd Class<\/a>, <a class=\"link\" href=\"https:\/\/stnaulsns.com\/index.php\/category\/4th-class\/\" title=\"View all posts in\">4th Class<\/a>, <a class=\"link\" href=\"https:\/\/stnaulsns.com\/index.php\/category\/5-6\/\" title=\"View all posts in\">5th &amp; 6th Classes<\/a>, <a class=\"link\" href=\"https:\/\/stnaulsns.com\/index.php\/category\/news\/\" title=\"View all posts in\">Latest News<\/a><\/p>\n\t\t\t\t\t<\/div><div class=\"kids_clear\"><\/div><\/div><\/div><\/div><\/div><!--\/ .projects-carousel --><\/div><!--\/ .work-carousel-->\n<hr>\n<\/div><\/div><\/div><\/div>\n","protected":false},"excerpt":{"rendered":"","protected":false},"author":1,"featured_media":0,"parent":0,"menu_order":0,"comment_status":"closed","ping_status":"open","template":"","meta":{"ngg_post_thumbnail":0,"footnotes":""},"class_list":["post-979","page","type-page","status-publish","hentry"],"_links":{"self":[{"href":"https:\/\/stnaulsns.com\/index.php\/wp-json\/wp\/v2\/pages\/979","targetHints":{"allow":["GET"]}}],"collection":[{"href":"https:\/\/stnaulsns.com\/index.php\/wp-json\/wp\/v2\/pages"}],"about":[{"href":"https:\/\/stnaulsns.com\/index.php\/wp-json\/wp\/v2\/types\/page"}],"author":[{"embeddable":true,"href":"https:\/\/stnaulsns.com\/index.php\/wp-json\/wp\/v2\/users\/1"}],"replies":[{"embeddable":true,"href":"https:\/\/stnaulsns.com\/index.php\/wp-json\/wp\/v2\/comments?post=979"}],"version-history":[{"count":10,"href":"https:\/\/stnaulsns.com\/index.php\/wp-json\/wp\/v2\/pages\/979\/revisions"}],"predecessor-version":[{"id":9502,"href":"https:\/\/stnaulsns.com\/index.php\/wp-json\/wp\/v2\/pages\/979\/revisions\/9502"}],"wp:attachment":[{"href":"https:\/\/stnaulsns.com\/index.php\/wp-json\/wp\/v2\/media?parent=979"}],"curies":[{"name":"wp","href":"https:\/\/api.w.org\/{rel}","templated":true}]}}